{"id":381,"date":"2024-09-10T02:39:33","date_gmt":"2024-09-10T02:39:33","guid":{"rendered":"https:\/\/demipueblo.co\/?page_id=381"},"modified":"2024-09-10T02:51:56","modified_gmt":"2024-09-10T02:51:56","slug":"citacion-comite-acreedores-0924","status":"publish","type":"page","link":"https:\/\/demipueblo.co\/index.php\/citacion-comite-acreedores-0924\/","title":{"rendered":"Citacion comite acreedores"},"content":{"rendered":"\t\t<div data-elementor-type=\"wp-page\" data-elementor-id=\"381\" class=\"elementor elementor-381\">\n\t\t\t\t\t\t<section class=\"elementor-section elementor-top-section elementor-element elementor-element-b02d1da elementor-section-boxed elementor-section-height-default elementor-section-height-default\" data-id=\"b02d1da\" data-element_type=\"section\">\n\t\t\t\t\t\t<div class=\"elementor-container elementor-column-gap-default\">\n\t\t\t\t\t<div class=\"elementor-column elementor-col-100 elementor-top-column elementor-element elementor-element-80fdf67\" data-id=\"80fdf67\" data-element_type=\"column\">\n\t\t\t<div class=\"elementor-widget-wrap elementor-element-populated\">\n\t\t\t\t\t\t<div class=\"elementor-element elementor-element-21aa54f elementor-widget elementor-widget-image\" data-id=\"21aa54f\" data-element_type=\"widget\" data-widget_type=\"image.default\">\n\t\t\t\t<div class=\"elementor-widget-container\">\n\t\t\t\t\t\t\t\t\t\t\t\t\t<img fetchpriority=\"high\" decoding=\"async\" width=\"768\" height=\"768\" src=\"https:\/\/i0.wp.com\/demipueblo.co\/wp-content\/uploads\/2024\/09\/INVITACION-COMITE-DE-ACREEDORES-PARA-PAGINA-WEB-1.png?fit=768%2C768&amp;ssl=1\" class=\"attachment-medium_large size-medium_large wp-image-384\" alt=\"\" srcset=\"https:\/\/i0.wp.com\/demipueblo.co\/wp-content\/uploads\/2024\/09\/INVITACION-COMITE-DE-ACREEDORES-PARA-PAGINA-WEB-1.png?w=1200&amp;ssl=1 1200w, https:\/\/i0.wp.com\/demipueblo.co\/wp-content\/uploads\/2024\/09\/INVITACION-COMITE-DE-ACREEDORES-PARA-PAGINA-WEB-1.png?resize=300%2C300&amp;ssl=1 300w, https:\/\/i0.wp.com\/demipueblo.co\/wp-content\/uploads\/2024\/09\/INVITACION-COMITE-DE-ACREEDORES-PARA-PAGINA-WEB-1.png?resize=1024%2C1024&amp;ssl=1 1024w, https:\/\/i0.wp.com\/demipueblo.co\/wp-content\/uploads\/2024\/09\/INVITACION-COMITE-DE-ACREEDORES-PARA-PAGINA-WEB-1.png?resize=150%2C150&amp;ssl=1 150w, https:\/\/i0.wp.com\/demipueblo.co\/wp-content\/uploads\/2024\/09\/INVITACION-COMITE-DE-ACREEDORES-PARA-PAGINA-WEB-1.png?resize=768%2C768&amp;ssl=1 768w, https:\/\/i0.wp.com\/demipueblo.co\/wp-content\/uploads\/2024\/09\/INVITACION-COMITE-DE-ACREEDORES-PARA-PAGINA-WEB-1.png?resize=600%2C600&amp;ssl=1 600w, https:\/\/i0.wp.com\/demipueblo.co\/wp-content\/uploads\/2024\/09\/INVITACION-COMITE-DE-ACREEDORES-PARA-PAGINA-WEB-1.png?resize=100%2C100&amp;ssl=1 100w\" sizes=\"(max-width: 768px) 100vw, 768px\" \/>\t\t\t\t\t\t\t\t\t\t\t\t\t<\/div>\n\t\t\t\t<\/div>\n\t\t\t\t\t<\/div>\n\t\t<\/div>\n\t\t\t\t\t<\/div>\n\t\t<\/section>\n\t\t\t\t<section class=\"elementor-section elementor-top-section elementor-element elementor-element-fdfe7c6 elementor-section-boxed elementor-section-height-default elementor-section-height-default\" data-id=\"fdfe7c6\" data-element_type=\"section\">\n\t\t\t\t\t\t<div class=\"elementor-container elementor-column-gap-default\">\n\t\t\t\t\t<div class=\"elementor-column elementor-col-100 elementor-top-column elementor-element elementor-element-6af8f38\" data-id=\"6af8f38\" data-element_type=\"column\">\n\t\t\t<div class=\"elementor-widget-wrap elementor-element-populated\">\n\t\t\t\t\t\t<div class=\"elementor-element elementor-element-0b90153 elementor-widget__width-initial elementor-widget elementor-widget-text-editor\" data-id=\"0b90153\" data-element_type=\"widget\" data-widget_type=\"text-editor.default\">\n\t\t\t\t<div class=\"elementor-widget-container\">\n\t\t\t\t\t\t\t<p style=\"text-align: left;\"><span style=\"color: #000000;\"><br><\/span><\/p><p style=\"text-align: left;\"><span style=\"color: #000000;\">I<\/span><span style=\"color: rgb(0, 0, 0); font-size: 15px;\">bagu\u00e9, septiembre 05 de 2024<\/span><\/p><p style=\"text-align: left;\"><span style=\"color: #000000;\">Se\u00f1ores<\/span><br><strong><span style=\"color: #000000;\">COMIT\u00c9 DE ACREEDORES<\/span><\/strong><br><span style=\"color: #000000;\">Ciudad<\/span><br><span style=\"color: #000000;\">Ref. Citaci\u00f3n comit\u00e9 de acreedores<\/span><br><span style=\"color: #000000;\"><br><\/span><\/p>\n<p><span style=\"color: #000000;\">Apreciados se\u00f1ores:<\/span><br><span style=\"color: #000000;\">LUIS FERNANDO RAMIREZ MONTOYA en mi calidad de Representante legal de GRUPO COMERCIAL&nbsp;<\/span><span style=\"color: #000000;\">TOLIMENSE SAS- EN REORGANIZACION identificada con NIT 900276989-8 y en virtud de lo dispuesto&nbsp;<\/span><span style=\"color: #000000;\">en el Acuerdo de Reorganizaci\u00f3n Econ\u00f3mica que contiene obligaciones legalmente contra\u00eddas y&nbsp;<\/span><span style=\"color: #000000;\">v\u00e1lidamente exigibles conforme los t\u00e9rminos y condiciones aqu\u00ed expuestos y definidos por la Ley&nbsp;<\/span><span style=\"color: #000000;\">1116 de 2006.&nbsp;<\/span><\/p>\n<p><span style=\"color: #000000;\">&nbsp;<\/span><\/p>\n<p><span style=\"color: #000000;\">Se permite convocar a la Reuni\u00f3n del Comit\u00e9 de Acreedores que se llevara a cabo de&nbsp;<\/span><span style=\"color: #000000;\">forma virtual por la Plataforma skype el 16 de septiembre de 2024 a las 10:00 am siendo este el&nbsp;<\/span><span style=\"color: #000000;\">orden del d\u00eda:<\/span><\/p>\n<p><span style=\"color: #000000;\"><br><\/span><span style=\"color: #000000;\">1. Llamado a lista y verificaci\u00f3n de Qu\u00f3rum<\/span><br><span style=\"color: #000000;\">2. Designaci\u00f3n de la comisi\u00f3n de revisi\u00f3n y aprobaci\u00f3n del acta<\/span><br><span style=\"color: #000000;\">3. Aprobaci\u00f3n del orden del d\u00eda<\/span><br><span style=\"color: #000000;\">4. Elecci\u00f3n del presidente y secretario de la reuni\u00f3n<\/span><br><span style=\"color: #000000;\">5. Lectura acta anterior<\/span><br><span style=\"color: #000000;\">6. Informe de Representante Legal<\/span><br><span style=\"color: #000000;\">7. Proposiciones y varios<\/span><br><span style=\"color: #000000;\"><br><\/span><\/p>\n<p><span style=\"color: #000000;\">Favor confirmar asistencia al correo electr\u00f3nico <a href=\"mailto:direccion.administrativa@gctolimense.com\">direccion.administrativa@gctolimense.com<\/a> o<\/span><br><a href=\"mailto:Luisf.ramirez@gctolimense.com\"><span style=\"color: #000000;\">Luisf.ramirez@gctolimense.com<\/span><\/a><br><span style=\"color: #000000;\"><br><\/span><\/p>\n<p><span style=\"color: #000000;\">Cordialmente,<\/span><br><span style=\"color: #000000;\">LUIS FERNANDO RAMIREZ MONTOYA<\/span><br><span style=\"color: #000000;\">Representante Legal<\/span><\/p>\n<p><span style=\"color: #000000;\">&nbsp;<\/span><\/p>\n<p><span style=\"color: #000000;\"><a href=\"https:\/\/demipueblo.co\/wp-content\/uploads\/2024\/09\/CITACION-COMITE-DE-ACREEDORES-GCT-1.pdf\">Descargue aqu\u00ed<\/a> el comunicado oficial<\/span><\/p>\t\t\t\t\t\t<\/div>\n\t\t\t\t<\/div>\n\t\t\t\t\t<\/div>\n\t\t<\/div>\n\t\t\t\t\t<\/div>\n\t\t<\/section>\n\t\t\t\t<\/div>\n\t\t","protected":false},"excerpt":{"rendered":"<p>Ibagu\u00e9, septiembre 05 de 2024 Se\u00f1oresCOMIT\u00c9 DE ACREEDORESCiudadRef. Citaci\u00f3n comit\u00e9 de acreedores Apreciados se\u00f1ores:LUIS FERNANDO RAMIREZ MONTOYA en mi calidad de Representante legal de GRUPO COMERCIAL&nbsp;TOLIMENSE SAS- EN REORGANIZACION identificada con NIT 900276989-8 y en virtud de lo dispuesto&nbsp;en el Acuerdo de Reorganizaci\u00f3n Econ\u00f3mica que contiene obligaciones legalmente contra\u00eddas y&nbsp;v\u00e1lidamente exigibles conforme los t\u00e9rminos y [&hellip;]<\/p>\n","protected":false},"author":1,"featured_media":0,"parent":0,"menu_order":0,"comment_status":"closed","ping_status":"closed","template":"","meta":{"site-sidebar-layout":"no-sidebar","site-content-layout":"page-builder","ast-site-content-layout":"full-width-container","site-content-style":"default","site-sidebar-style":"default","ast-global-header-display":"","ast-banner-title-visibility":"","ast-main-header-display":"","ast-hfb-above-header-display":"","ast-hfb-below-header-display":"","ast-hfb-mobile-header-display":"","site-post-title":"disabled","ast-breadcrumbs-content":"","ast-featured-img":"disabled","footer-sml-layout":"","theme-transparent-header-meta":"","adv-header-id-meta":"","stick-header-meta":"","header-above-stick-meta":"","header-main-stick-meta":"","header-below-stick-meta":"","astra-migrate-meta-layouts":"set","ast-page-background-enabled":"default","ast-page-background-meta":{"desktop":{"background-color":"","background-image":"","background-repeat":"repeat","background-position":"center center","background-size":"auto","background-attachment":"scroll","background-type":"","background-media":"","overlay-type":"","overlay-color":"","overlay-opacity":"","overlay-gradient":""},"tablet":{"background-color":"","background-image":"","background-repeat":"repeat","background-position":"center center","background-size":"auto","background-attachment":"scroll","background-type":"","background-media":"","overlay-type":"","overlay-color":"","overlay-opacity":"","overlay-gradient":""},"mobile":{"background-color":"","background-image":"","background-repeat":"repeat","background-position":"center center","background-size":"auto","background-attachment":"scroll","background-type":"","background-media":"","overlay-type":"","overlay-color":"","overlay-opacity":"","overlay-gradient":""}},"ast-content-background-meta":{"desktop":{"background-color":"var(--ast-global-color-5)","background-image":"","background-repeat":"repeat","background-position":"center center","background-size":"auto","background-attachment":"scroll","background-type":"","background-media":"","overlay-type":"","overlay-color":"","overlay-opacity":"","overlay-gradient":""},"tablet":{"background-color":"var(--ast-global-color-5)","background-image":"","background-repeat":"repeat","background-position":"center center","background-size":"auto","background-attachment":"scroll","background-type":"","background-media":"","overlay-type":"","overlay-color":"","overlay-opacity":"","overlay-gradient":""},"mobile":{"background-color":"var(--ast-global-color-5)","background-image":"","background-repeat":"repeat","background-position":"center center","background-size":"auto","background-attachment":"scroll","background-type":"","background-media":"","overlay-type":"","overlay-color":"","overlay-opacity":"","overlay-gradient":""}},"footnotes":""},"class_list":["post-381","page","type-page","status-publish","hentry"],"jetpack_sharing_enabled":true,"jetpack_shortlink":"https:\/\/wp.me\/Pcjl0R-69","_links":{"self":[{"href":"https:\/\/demipueblo.co\/index.php\/wp-json\/wp\/v2\/pages\/381","targetHints":{"allow":["GET"]}}],"collection":[{"href":"https:\/\/demipueblo.co\/index.php\/wp-json\/wp\/v2\/pages"}],"about":[{"href":"https:\/\/demipueblo.co\/index.php\/wp-json\/wp\/v2\/types\/page"}],"author":[{"embeddable":true,"href":"https:\/\/demipueblo.co\/index.php\/wp-json\/wp\/v2\/users\/1"}],"replies":[{"embeddable":true,"href":"https:\/\/demipueblo.co\/index.php\/wp-json\/wp\/v2\/comments?post=381"}],"version-history":[{"count":5,"href":"https:\/\/demipueblo.co\/index.php\/wp-json\/wp\/v2\/pages\/381\/revisions"}],"predecessor-version":[{"id":388,"href":"https:\/\/demipueblo.co\/index.php\/wp-json\/wp\/v2\/pages\/381\/revisions\/388"}],"wp:attachment":[{"href":"https:\/\/demipueblo.co\/index.php\/wp-json\/wp\/v2\/media?parent=381"}],"curies":[{"name":"wp","href":"https:\/\/api.w.org\/{rel}","templated":true}]}}