{"id":362,"date":"2024-06-07T14:15:28","date_gmt":"2024-06-07T14:15:28","guid":{"rendered":"https:\/\/demipueblo.co\/?page_id=362"},"modified":"2024-06-07T14:21:12","modified_gmt":"2024-06-07T14:21:12","slug":"aviso-de-pago-junio-2024","status":"publish","type":"page","link":"https:\/\/demipueblo.co\/index.php\/aviso-de-pago-junio-2024\/","title":{"rendered":"Aviso de Pago Junio 2024"},"content":{"rendered":"\t\t<div data-elementor-type=\"wp-page\" data-elementor-id=\"362\" class=\"elementor elementor-362\">\n\t\t\t\t\t\t<section class=\"elementor-section elementor-top-section elementor-element elementor-element-f7c891e elementor-section-boxed elementor-section-height-default elementor-section-height-default\" data-id=\"f7c891e\" data-element_type=\"section\">\n\t\t\t\t\t\t<div class=\"elementor-container elementor-column-gap-default\">\n\t\t\t\t\t<div class=\"elementor-column elementor-col-100 elementor-top-column elementor-element elementor-element-7a9f659\" data-id=\"7a9f659\" data-element_type=\"column\">\n\t\t\t<div class=\"elementor-widget-wrap elementor-element-populated\">\n\t\t\t\t\t\t<div class=\"elementor-element elementor-element-bda5126 elementor-widget__width-initial elementor-widget elementor-widget-heading\" data-id=\"bda5126\" data-element_type=\"widget\" data-widget_type=\"heading.default\">\n\t\t\t\t<div class=\"elementor-widget-container\">\n\t\t\t<h2 class=\"elementor-heading-title elementor-size-default\"><span style=\"font-weight:normal\" id=\"docs-internal-guid-19d6d787-7fff-cb6d-ac7e-ec66096c7b02\"><span style=\"font-size: 12pt;, sans-serif;background-color: transparent;font-weight: 700;font-style: normal\">EL SUSCRITO REPRESENTANTE LEGAL DE GRUPO COMERCIAL TOLIMENSE SAS CON NIT 900276989-8 <\/span><\/span><\/h2>\t\t<\/div>\n\t\t\t\t<\/div>\n\t\t\t\t\t<\/div>\n\t\t<\/div>\n\t\t\t\t\t<\/div>\n\t\t<\/section>\n\t\t\t\t<section class=\"elementor-section elementor-top-section elementor-element elementor-element-aef84de elementor-section-boxed elementor-section-height-default elementor-section-height-default\" data-id=\"aef84de\" data-element_type=\"section\">\n\t\t\t\t\t\t<div class=\"elementor-container elementor-column-gap-default\">\n\t\t\t\t\t<div class=\"elementor-column elementor-col-100 elementor-top-column elementor-element elementor-element-9ec791a\" data-id=\"9ec791a\" data-element_type=\"column\">\n\t\t\t<div class=\"elementor-widget-wrap elementor-element-populated\">\n\t\t\t\t\t\t<div class=\"elementor-element elementor-element-fc8da39 elementor-widget__width-initial elementor-widget elementor-widget-text-editor\" data-id=\"fc8da39\" data-element_type=\"widget\" data-widget_type=\"text-editor.default\">\n\t\t\t\t<div class=\"elementor-widget-container\">\n\t\t\t\t\t\t\t<p dir=\"ltr\" style=\"line-height: 1.3800000000000001; text-align: center; margin-top: 0pt; margin-bottom: 10pt;\"><span style=\"font-size: 12pt; font-family: 'Century Gothic',sans-serif; color: #000000; background-color: transparent; font-weight: bold; font-style: normal; font-variant: normal; text-decoration: none; vertical-align: baseline; white-space: pre-wrap;\">INFORMA\u00a0<\/span><\/p><p class=\"p1\"><span style=\"color: #000000;\">En concordancia con el\u00a0Acuerdo de Reorganizaci\u00f3n Empresarial dentro de los lineamientos y con las formalidades de la ley 1116 de 2006, me permito informar que, dando cumplimiento a la\u00a0cl\u00e1usula octava de la f\u00f3rmula de pago, se efectuara la cancelaci\u00f3n<span class=\"Apple-converted-space\">\u00a0 <\/span>de la \u00faltima cuota de los pasivos de\u00a0acreedores de primera clase\u00a0<b>\u201claborales\u201d<\/b>\u00a0a los trabajadores que quedaron con sus acreencias dentro del Acuerdo de Reorganizaci\u00f3n\u00a0<\/span><\/p><p class=\"p1\"><span style=\"color: #000000; font-size: 15px;\">Empresarial ley 1116 de 2006, entrado en vigencia el 17 de enero de 2022 aprobado por la Superintendencia de Sociedades.<\/span><\/p><p class=\"p1\"><span style=\"color: #000000;\">Por lo anterior adjuntamos listado de documento de identificaci\u00f3n de las personas que, a la fecha, no han actualizado la informaci\u00f3n de su cuenta bancaria para poder realizar los pagos. Si despu\u00e9s de revisada la informaci\u00f3n su documento se encuentra en esta lista, por favor diligenciar el siguiente link <a href=\"https:\/\/docs.google.com\/forms\/d\/e\/1FAIpQLSeeinZdB1Uh8LuewFKsSFOSwhOMzbqAmTKZVA7n7r6pfUz0Zw\/viewform\"><span class=\"s1\">https:\/\/docs.google.com\/forms\/d\/e\/1FAIpQLSeeinZdB1Uh8LuewFKsSFOSwhOMzbqAmTKZVA7n7r6pfUz0Zw\/viewform<\/span><\/a><\/span><\/p><p class=\"p1\"><span style=\"color: #000000;\">\u00a0<\/span><\/p><p class=\"p1\"><span style=\"color: #000000;\">Si no encuentra su documento en el<a href=\"https:\/\/demipueblo.co\/wp-content\/uploads\/2024\/06\/Comunicado-pago-del-acuerdo-GCT.pdf\"> listado adjunto<\/a>, es porque ya tenemos su informaci\u00f3n actualizada.<\/span><\/p><p class=\"p1\"><span style=\"color: #000000;\">\u00a0<\/span><\/p><p class=\"p1\"><span style=\"color: #000000;\">Las personas de la cual, no fue posible tener ning\u00fan contacto<span class=\"Apple-converted-space\">\u00a0 <\/span>se realizaran los pagos a una cuenta de dep\u00f3sito Judicial<span class=\"Apple-converted-space\">\u00a0 <\/span>en la<span class=\"Apple-converted-space\">\u00a0 <\/span>ciudad donde presto sus servicios laborales a la Compa\u00f1\u00eda.<\/span><\/p>\t\t\t\t\t\t<\/div>\n\t\t\t\t<\/div>\n\t\t\t\t\t<\/div>\n\t\t<\/div>\n\t\t\t\t\t<\/div>\n\t\t<\/section>\n\t\t\t\t<\/div>\n\t\t","protected":false},"excerpt":{"rendered":"<p>EL SUSCRITO REPRESENTANTE LEGAL DE GRUPO COMERCIAL TOLIMENSE SAS CON NIT 900276989-8 INFORMA\u00a0 En concordancia con el\u00a0Acuerdo de Reorganizaci\u00f3n Empresarial dentro de los lineamientos y con las formalidades de la ley 1116 de 2006, me permito informar que, dando cumplimiento a la\u00a0cl\u00e1usula octava de la f\u00f3rmula de pago, se efectuara la cancelaci\u00f3n\u00a0 de la \u00faltima [&hellip;]<\/p>\n","protected":false},"author":1,"featured_media":0,"parent":0,"menu_order":0,"comment_status":"closed","ping_status":"closed","template":"","meta":{"site-sidebar-layout":"no-sidebar","site-content-layout":"page-builder","ast-site-content-layout":"full-width-container","site-content-style":"default","site-sidebar-style":"default","ast-global-header-display":"","ast-banner-title-visibility":"","ast-main-header-display":"","ast-hfb-above-header-display":"","ast-hfb-below-header-display":"","ast-hfb-mobile-header-display":"","site-post-title":"disabled","ast-breadcrumbs-content":"","ast-featured-img":"disabled","footer-sml-layout":"","theme-transparent-header-meta":"","adv-header-id-meta":"","stick-header-meta":"","header-above-stick-meta":"","header-main-stick-meta":"","header-below-stick-meta":"","astra-migrate-meta-layouts":"set","ast-page-background-enabled":"default","ast-page-background-meta":{"desktop":{"background-color":"","background-image":"","background-repeat":"repeat","background-position":"center center","background-size":"auto","background-attachment":"scroll","background-type":"","background-media":"","overlay-type":"","overlay-color":"","overlay-opacity":"","overlay-gradient":""},"tablet":{"background-color":"","background-image":"","background-repeat":"repeat","background-position":"center center","background-size":"auto","background-attachment":"scroll","background-type":"","background-media":"","overlay-type":"","overlay-color":"","overlay-opacity":"","overlay-gradient":""},"mobile":{"background-color":"","background-image":"","background-repeat":"repeat","background-position":"center center","background-size":"auto","background-attachment":"scroll","background-type":"","background-media":"","overlay-type":"","overlay-color":"","overlay-opacity":"","overlay-gradient":""}},"ast-content-background-meta":{"desktop":{"background-color":"var(--ast-global-color-5)","background-image":"","background-repeat":"repeat","background-position":"center center","background-size":"auto","background-attachment":"scroll","background-type":"","background-media":"","overlay-type":"","overlay-color":"","overlay-opacity":"","overlay-gradient":""},"tablet":{"background-color":"var(--ast-global-color-5)","background-image":"","background-repeat":"repeat","background-position":"center center","background-size":"auto","background-attachment":"scroll","background-type":"","background-media":"","overlay-type":"","overlay-color":"","overlay-opacity":"","overlay-gradient":""},"mobile":{"background-color":"var(--ast-global-color-5)","background-image":"","background-repeat":"repeat","background-position":"center center","background-size":"auto","background-attachment":"scroll","background-type":"","background-media":"","overlay-type":"","overlay-color":"","overlay-opacity":"","overlay-gradient":""}},"footnotes":""},"class_list":["post-362","page","type-page","status-publish","hentry"],"jetpack_sharing_enabled":true,"jetpack_shortlink":"https:\/\/wp.me\/Pcjl0R-5Q","_links":{"self":[{"href":"https:\/\/demipueblo.co\/index.php\/wp-json\/wp\/v2\/pages\/362","targetHints":{"allow":["GET"]}}],"collection":[{"href":"https:\/\/demipueblo.co\/index.php\/wp-json\/wp\/v2\/pages"}],"about":[{"href":"https:\/\/demipueblo.co\/index.php\/wp-json\/wp\/v2\/types\/page"}],"author":[{"embeddable":true,"href":"https:\/\/demipueblo.co\/index.php\/wp-json\/wp\/v2\/users\/1"}],"replies":[{"embeddable":true,"href":"https:\/\/demipueblo.co\/index.php\/wp-json\/wp\/v2\/comments?post=362"}],"version-history":[{"count":7,"href":"https:\/\/demipueblo.co\/index.php\/wp-json\/wp\/v2\/pages\/362\/revisions"}],"predecessor-version":[{"id":371,"href":"https:\/\/demipueblo.co\/index.php\/wp-json\/wp\/v2\/pages\/362\/revisions\/371"}],"wp:attachment":[{"href":"https:\/\/demipueblo.co\/index.php\/wp-json\/wp\/v2\/media?parent=362"}],"curies":[{"name":"wp","href":"https:\/\/api.w.org\/{rel}","templated":true}]}}