{"id":352,"date":"2024-03-21T22:18:46","date_gmt":"2024-03-21T22:18:46","guid":{"rendered":"https:\/\/demipueblo.co\/?page_id=352"},"modified":"2024-03-21T22:23:29","modified_gmt":"2024-03-21T22:23:29","slug":"aviso-personal-pendiente-de-actualizacion-cta-bancaria","status":"publish","type":"page","link":"https:\/\/demipueblo.co\/index.php\/aviso-personal-pendiente-de-actualizacion-cta-bancaria\/","title":{"rendered":"Aviso personal pendiente de actualizaci\u00f3n cta bancaria"},"content":{"rendered":"\t\t<div data-elementor-type=\"wp-page\" data-elementor-id=\"352\" class=\"elementor elementor-352\">\n\t\t\t\t\t\t<section class=\"elementor-section elementor-top-section elementor-element elementor-element-a8babf5 elementor-section-boxed elementor-section-height-default elementor-section-height-default\" data-id=\"a8babf5\" data-element_type=\"section\">\n\t\t\t\t\t\t<div class=\"elementor-container elementor-column-gap-default\">\n\t\t\t\t\t<div class=\"elementor-column elementor-col-100 elementor-top-column elementor-element elementor-element-f09cc5e\" data-id=\"f09cc5e\" data-element_type=\"column\">\n\t\t\t<div class=\"elementor-widget-wrap elementor-element-populated\">\n\t\t\t\t\t\t<div class=\"elementor-element elementor-element-473c0e3 elementor-widget__width-initial elementor-widget elementor-widget-heading\" data-id=\"473c0e3\" data-element_type=\"widget\" data-widget_type=\"heading.default\">\n\t\t\t\t<div class=\"elementor-widget-container\">\n\t\t\t<h2 class=\"elementor-heading-title elementor-size-default\"><span style=\"font-weight:normal\" id=\"docs-internal-guid-19d6d787-7fff-cb6d-ac7e-ec66096c7b02\"><span style=\"font-size: 12pt;, sans-serif;background-color: transparent;font-weight: 700;font-style: normal\">EL SUSCRITO REPRESENTANTE LEGAL DE GRUPO COMERCIAL TOLIMENSE SAS CON NIT 900276989-8 <\/span><\/span><\/h2>\t\t<\/div>\n\t\t\t\t<\/div>\n\t\t\t\t\t<\/div>\n\t\t<\/div>\n\t\t\t\t\t<\/div>\n\t\t<\/section>\n\t\t\t\t<section class=\"elementor-section elementor-top-section elementor-element elementor-element-92a5cfb elementor-section-boxed elementor-section-height-default elementor-section-height-default\" data-id=\"92a5cfb\" data-element_type=\"section\">\n\t\t\t\t\t\t<div class=\"elementor-container elementor-column-gap-default\">\n\t\t\t\t\t<div class=\"elementor-column elementor-col-100 elementor-top-column elementor-element elementor-element-c9daa8a\" data-id=\"c9daa8a\" data-element_type=\"column\">\n\t\t\t<div class=\"elementor-widget-wrap elementor-element-populated\">\n\t\t\t\t\t\t<div class=\"elementor-element elementor-element-a438b7f elementor-widget__width-initial elementor-widget elementor-widget-text-editor\" data-id=\"a438b7f\" data-element_type=\"widget\" data-widget_type=\"text-editor.default\">\n\t\t\t\t<div class=\"elementor-widget-container\">\n\t\t\t\t\t\t\t<p dir=\"ltr\" style=\"line-height: 1.3800000000000001; text-align: center; margin-top: 0pt; margin-bottom: 10pt;\"><span style=\"font-size: 12pt; font-family: 'Century Gothic',sans-serif; color: #000000; background-color: transparent; font-weight: bold; font-style: normal; font-variant: normal; text-decoration: none; vertical-align: baseline; white-space: pre-wrap;\">INFORMA\u00a0<\/span><\/p><p class=\"p1\"><span style=\"color: #000000;\"><span class=\"s1\">En concordancia con el <\/span>Acuerdo de Reorganizaci\u00f3n Empresarial dentro de los lineamientos y con las formalidades de la ley 1116 de 2006, me permito informar que, dando cumplimiento a la <span class=\"s1\">cl\u00e1usula octava de la f\u00f3rmula de pago, se efectuara el inicio de la cancelaci\u00f3n de los pasivos de <\/span>acreedores de primera clase <b>\u201claborales\u201d<\/b> a los trabajadores que quedaron con sus acreencias dentro del Acuerdo de Reorganizaci\u00f3n Empresarial ley 1116 de 2006, entrado en vigencia el 17 de enero de 2022 aprobado por la Superintendencia de Sociedades.<\/span><\/p><p class=\"p1\"><span style=\"color: #000000;\">\u00a0<\/span><\/p><p class=\"p3\"><span style=\"color: #000000;\">A continuaci\u00f3n, se relacionan todas las personas que a 20 Marzo de 2024 a\u00fan no han realizado actualizaci\u00f3n de datos, quien se encuentre en este listado solicitamos actualizar la informaci\u00f3n personal y financiera del titular de la acreencia, en el siguiente LINK, si tiene alguna inquietud comunicarse por medio de correo electr\u00f3nico <\/span><a href=\"mailto:direcci%C3%B3n.administrativa@gctolimense.com\"><span class=\"s2\">direcci\u00f3n.administrativa@gctolimense.com<\/span><\/a><\/p><p class=\"p3\"><span style=\"color: #000000;\">Solo se esta realizando actualizaci\u00f3n de datos de<\/span> <b>acreencias laborales <\/b><\/p><p class=\"p3\"><span style=\"color: #000000;\">Nota:<span class=\"Apple-converted-space\">\u00a0 <\/span>Adjuntar certificaci\u00f3n bancaria<\/span><\/p><p>\u00a0<\/p><p class=\"p4\"><span class=\"s3\"><a href=\"https:\/\/docs.google.com\/forms\/d\/e\/1FAIpQLSeeinZdB1Uh8LuewFKsSFOSwhOMzbqAmTKZVA7n7r6pfUz0Zw\/viewform\">https:\/\/docs.google.com\/forms\/d\/e\/1FAIpQLSeeinZdB1Uh8LuewFKsSFOSwhOMzbqAmTKZVA7n7r6pfUz0Zw\/viewform<\/a><\/span><\/p><p dir=\"ltr\">\u00a0<\/p><p dir=\"ltr\" style=\"line-height: 1.2; margin-top: 0pt; margin-bottom: 0pt; text-align: left;\"><span style=\"color: #000000;\">Para verificar si su nombre aparece en la lista de personas pendientes por actualizar informaci\u00f3n de clic <\/span><span style=\"color: #000000;\">\u00a0<a href=\"https:\/\/demipueblo.co\/wp-content\/uploads\/2024\/03\/Aviso-Personal-Pendiente-de-actualizacion-cta-bancaria-21-3-2024.pdf\">Aqu\u00ed<\/a>\u00a0<\/span><\/p>\t\t\t\t\t\t<\/div>\n\t\t\t\t<\/div>\n\t\t\t\t\t<\/div>\n\t\t<\/div>\n\t\t\t\t\t<\/div>\n\t\t<\/section>\n\t\t\t\t<\/div>\n\t\t","protected":false},"excerpt":{"rendered":"<p>EL SUSCRITO REPRESENTANTE LEGAL DE GRUPO COMERCIAL TOLIMENSE SAS CON NIT 900276989-8 INFORMA\u00a0 En concordancia con el Acuerdo de Reorganizaci\u00f3n Empresarial dentro de los lineamientos y con las formalidades de la ley 1116 de 2006, me permito informar que, dando cumplimiento a la cl\u00e1usula octava de la f\u00f3rmula de pago, se efectuara el inicio de [&hellip;]<\/p>\n","protected":false},"author":1,"featured_media":0,"parent":0,"menu_order":0,"comment_status":"closed","ping_status":"closed","template":"","meta":{"site-sidebar-layout":"no-sidebar","site-content-layout":"page-builder","ast-site-content-layout":"full-width-container","site-content-style":"default","site-sidebar-style":"default","ast-global-header-display":"","ast-banner-title-visibility":"","ast-main-header-display":"","ast-hfb-above-header-display":"","ast-hfb-below-header-display":"","ast-hfb-mobile-header-display":"","site-post-title":"disabled","ast-breadcrumbs-content":"","ast-featured-img":"disabled","footer-sml-layout":"","theme-transparent-header-meta":"","adv-header-id-meta":"","stick-header-meta":"","header-above-stick-meta":"","header-main-stick-meta":"","header-below-stick-meta":"","astra-migrate-meta-layouts":"set","ast-page-background-enabled":"default","ast-page-background-meta":{"desktop":{"background-color":"","background-image":"","background-repeat":"repeat","background-position":"center center","background-size":"auto","background-attachment":"scroll","background-type":"","background-media":"","overlay-type":"","overlay-color":"","overlay-opacity":"","overlay-gradient":""},"tablet":{"background-color":"","background-image":"","background-repeat":"repeat","background-position":"center center","background-size":"auto","background-attachment":"scroll","background-type":"","background-media":"","overlay-type":"","overlay-color":"","overlay-opacity":"","overlay-gradient":""},"mobile":{"background-color":"","background-image":"","background-repeat":"repeat","background-position":"center center","background-size":"auto","background-attachment":"scroll","background-type":"","background-media":"","overlay-type":"","overlay-color":"","overlay-opacity":"","overlay-gradient":""}},"ast-content-background-meta":{"desktop":{"background-color":"var(--ast-global-color-5)","background-image":"","background-repeat":"repeat","background-position":"center center","background-size":"auto","background-attachment":"scroll","background-type":"","background-media":"","overlay-type":"","overlay-color":"","overlay-opacity":"","overlay-gradient":""},"tablet":{"background-color":"var(--ast-global-color-5)","background-image":"","background-repeat":"repeat","background-position":"center center","background-size":"auto","background-attachment":"scroll","background-type":"","background-media":"","overlay-type":"","overlay-color":"","overlay-opacity":"","overlay-gradient":""},"mobile":{"background-color":"var(--ast-global-color-5)","background-image":"","background-repeat":"repeat","background-position":"center center","background-size":"auto","background-attachment":"scroll","background-type":"","background-media":"","overlay-type":"","overlay-color":"","overlay-opacity":"","overlay-gradient":""}},"footnotes":""},"class_list":["post-352","page","type-page","status-publish","hentry"],"jetpack_sharing_enabled":true,"jetpack_shortlink":"https:\/\/wp.me\/Pcjl0R-5G","_links":{"self":[{"href":"https:\/\/demipueblo.co\/index.php\/wp-json\/wp\/v2\/pages\/352","targetHints":{"allow":["GET"]}}],"collection":[{"href":"https:\/\/demipueblo.co\/index.php\/wp-json\/wp\/v2\/pages"}],"about":[{"href":"https:\/\/demipueblo.co\/index.php\/wp-json\/wp\/v2\/types\/page"}],"author":[{"embeddable":true,"href":"https:\/\/demipueblo.co\/index.php\/wp-json\/wp\/v2\/users\/1"}],"replies":[{"embeddable":true,"href":"https:\/\/demipueblo.co\/index.php\/wp-json\/wp\/v2\/comments?post=352"}],"version-history":[{"count":4,"href":"https:\/\/demipueblo.co\/index.php\/wp-json\/wp\/v2\/pages\/352\/revisions"}],"predecessor-version":[{"id":357,"href":"https:\/\/demipueblo.co\/index.php\/wp-json\/wp\/v2\/pages\/352\/revisions\/357"}],"wp:attachment":[{"href":"https:\/\/demipueblo.co\/index.php\/wp-json\/wp\/v2\/media?parent=352"}],"curies":[{"name":"wp","href":"https:\/\/api.w.org\/{rel}","templated":true}]}}