{"id":296,"date":"2024-01-22T23:19:34","date_gmt":"2024-01-22T23:19:34","guid":{"rendered":"https:\/\/demipueblo.co\/?page_id=296"},"modified":"2024-01-22T23:45:18","modified_gmt":"2024-01-22T23:45:18","slug":"comunicado-acreedores-enero-22-2024","status":"publish","type":"page","link":"https:\/\/demipueblo.co\/index.php\/comunicado-acreedores-enero-22-2024\/","title":{"rendered":"Comunicado Acreedores Enero 22-2024"},"content":{"rendered":"\t\t<div data-elementor-type=\"wp-page\" data-elementor-id=\"296\" class=\"elementor elementor-296\">\n\t\t\t\t\t\t<section class=\"elementor-section elementor-top-section elementor-element elementor-element-43ce0d3 elementor-section-boxed elementor-section-height-default elementor-section-height-default\" data-id=\"43ce0d3\" data-element_type=\"section\">\n\t\t\t\t\t\t<div class=\"elementor-container elementor-column-gap-default\">\n\t\t\t\t\t<div class=\"elementor-column elementor-col-100 elementor-top-column elementor-element elementor-element-9183c4f\" data-id=\"9183c4f\" data-element_type=\"column\">\n\t\t\t<div class=\"elementor-widget-wrap elementor-element-populated\">\n\t\t\t\t\t\t<div class=\"elementor-element elementor-element-2e85d6f elementor-widget__width-initial elementor-widget elementor-widget-heading\" data-id=\"2e85d6f\" data-element_type=\"widget\" data-widget_type=\"heading.default\">\n\t\t\t\t<div class=\"elementor-widget-container\">\n\t\t\t<h2 class=\"elementor-heading-title elementor-size-default\"><span style=\"font-weight:normal\" id=\"docs-internal-guid-19d6d787-7fff-cb6d-ac7e-ec66096c7b02\"><span style=\"font-size: 12pt;, sans-serif;background-color: transparent;font-weight: 700;font-style: normal\">EL SUSCRITO REPRESENTANTE LEGAL DE GRUPO COMERCIAL TOLIMENSE SAS CON NIT 900276989-8 <\/span><\/span><\/h2>\t\t<\/div>\n\t\t\t\t<\/div>\n\t\t\t\t\t<\/div>\n\t\t<\/div>\n\t\t\t\t\t<\/div>\n\t\t<\/section>\n\t\t\t\t<section class=\"elementor-section elementor-top-section elementor-element elementor-element-977268d elementor-section-boxed elementor-section-height-default elementor-section-height-default\" data-id=\"977268d\" data-element_type=\"section\">\n\t\t\t\t\t\t<div class=\"elementor-container elementor-column-gap-default\">\n\t\t\t\t\t<div class=\"elementor-column elementor-col-100 elementor-top-column elementor-element elementor-element-aaa5ffe\" data-id=\"aaa5ffe\" data-element_type=\"column\">\n\t\t\t<div class=\"elementor-widget-wrap elementor-element-populated\">\n\t\t\t\t\t\t<div class=\"elementor-element elementor-element-9662bfc elementor-widget elementor-widget-text-editor\" data-id=\"9662bfc\" data-element_type=\"widget\" data-widget_type=\"text-editor.default\">\n\t\t\t\t<div class=\"elementor-widget-container\">\n\t\t\t\t\t\t\t<p dir=\"ltr\" style=\"line-height: 1.3800000000000001; text-align: center; margin-top: 0pt; margin-bottom: 10pt;\"><span style=\"font-size: 12pt; font-family: 'Century Gothic',sans-serif; color: #000000; background-color: transparent; font-weight: bold; font-style: normal; font-variant: normal; text-decoration: none; vertical-align: baseline; white-space: pre-wrap;\">INFORMA&nbsp;<\/span><\/p>\n<p dir=\"ltr\" style=\"line-height: 1.2; text-align: justify; margin-top: 0pt; margin-bottom: 0pt;\"><span style=\"font-size: 12pt; font-family: 'Century Gothic',sans-serif; color: #000000; background-color: transparent; font-weight: 400; font-style: normal; font-variant: normal; text-decoration: none; vertical-align: baseline; white-space: pre-wrap;\">En concordancia con el <\/span><span style=\"font-size: 12pt; font-family: 'Century Gothic',sans-serif; color: #231f20; background-color: transparent; font-weight: 400; font-style: normal; font-variant: normal; text-decoration: none; vertical-align: baseline; white-space: pre-wrap;\">Acuerdo de Reorganizaci\u00f3n Empresarial dentro de los lineamientos y con las formalidades de la ley 1116 de 2006, me permito informar que, dando cumplimiento a la <\/span><span style=\"font-size: 12pt; font-family: 'Century Gothic',sans-serif; color: #000000; background-color: transparent; font-weight: 400; font-style: normal; font-variant: normal; text-decoration: none; vertical-align: baseline; white-space: pre-wrap;\">cl\u00e1usula octava de la f\u00f3rmula de pago, se efectuara el inicio de la cancelaci\u00f3n de los pasivos de <\/span><span style=\"font-size: 12pt; font-family: 'Century Gothic',sans-serif; color: #231f20; background-color: transparent; font-weight: 400; font-style: normal; font-variant: normal; text-decoration: none; vertical-align: baseline; white-space: pre-wrap;\">acreedores de primera clase \u201claborales\u201d a los trabajadores que quedaron con sus acreencias dentro del Acuerdo de Reorganizaci\u00f3n Empresarial ley 1116 de 2006, entrado en vigencia el 17 de enero de 2022 aprobado por la Superintendencia de Sociedades.<\/span><\/p>\n<p><b id=\"docs-internal-guid-03ee9768-7fff-de56-70af-8c3a3077d38f\" style=\"font-weight: normal;\">&nbsp;<\/b><\/p>\n<p dir=\"ltr\" style=\"line-height: 1.3800000000000001; text-align: justify; margin-top: 0pt; margin-bottom: 10pt;\"><span style=\"font-size: 12pt; font-family: 'Century Gothic',sans-serif; color: #231f20; background-color: transparent; font-weight: 400; font-style: normal; font-variant: normal; text-decoration: none; vertical-align: baseline; white-space: pre-wrap;\">A quienes se les adeude obligaciones laborales, solicitamos actualizar la informaci\u00f3n personal y financiera del titular de la acreencia, en el siguiente LINK, si tiene alguna inquietud comunicarse por medio de correo electr\u00f3nico <a href=\"mailto:direccion.administrativa@gctolimense.com\">direccion.administrativa@gctolimense.com<\/a><\/span><\/p>\n<p><\/p>\n<p dir=\"ltr\" style=\"line-height: 1.3800000000000001; text-align: justify; margin-top: 0pt; margin-bottom: 10pt;\"><span style=\"font-size: 12pt; font-family: 'Century Gothic',sans-serif; color: #231f20; background-color: transparent; font-weight: 400; font-style: normal; font-variant: normal; text-decoration: none; vertical-align: baseline; white-space: pre-wrap;\">Nota:&nbsp; Adjuntar certificaci\u00f3n bancaria<\/span><\/p>\n<p dir=\"ltr\" style=\"line-height: 1.3800000000000001; text-align: justify; margin-top: 0pt; margin-bottom: 10pt;\"><span style=\"font-size: 12pt; font-family: 'Century Gothic',sans-serif; color: #231f20; background-color: transparent; font-weight: 400; font-style: normal; font-variant: normal; text-decoration: none; vertical-align: baseline; white-space: pre-wrap;\">&nbsp;<\/span><\/p>\n<p dir=\"ltr\" style=\"line-height: 1.3800000000000001; text-align: justify; margin-top: 0pt; margin-bottom: 10pt;\"><span style=\"font-size: 12pt; font-family: 'Century Gothic',sans-serif; color: #231f20; background-color: transparent; font-weight: 400; font-style: normal; font-variant: normal; text-decoration: none; vertical-align: baseline; white-space: pre-wrap;\"><a href=\"https:\/\/docs.google.com\/forms\/d\/e\/1FAIpQLSeeinZdB1Uh8LuewFKsSFOSwhOMzbqAmTKZVA7n7r6pfUz0Zw\/viewform\">https:\/\/docs.google.com\/forms\/d\/e\/1FAIpQLSeeinZdB1Uh8LuewFKsSFOSwhOMzbqAmTKZVA7n7r6pfUz0Zw\/viewform<\/a><br><\/span><\/p>\t\t\t\t\t\t<\/div>\n\t\t\t\t<\/div>\n\t\t\t\t\t<\/div>\n\t\t<\/div>\n\t\t\t\t\t<\/div>\n\t\t<\/section>\n\t\t\t\t<section class=\"elementor-section elementor-top-section elementor-element elementor-element-381a1af elementor-section-boxed elementor-section-height-default elementor-section-height-default\" data-id=\"381a1af\" data-element_type=\"section\">\n\t\t\t\t\t\t<div class=\"elementor-container elementor-column-gap-default\">\n\t\t\t\t\t<div class=\"elementor-column elementor-col-100 elementor-top-column elementor-element elementor-element-0cae201\" data-id=\"0cae201\" data-element_type=\"column\">\n\t\t\t<div class=\"elementor-widget-wrap elementor-element-populated\">\n\t\t\t\t\t\t<div class=\"elementor-element elementor-element-2bae293 elementor-widget elementor-widget-spacer\" data-id=\"2bae293\" data-element_type=\"widget\" data-widget_type=\"spacer.default\">\n\t\t\t\t<div class=\"elementor-widget-container\">\n\t\t\t\t\t<div class=\"elementor-spacer\">\n\t\t\t<div class=\"elementor-spacer-inner\"><\/div>\n\t\t<\/div>\n\t\t\t\t<\/div>\n\t\t\t\t<\/div>\n\t\t\t\t\t<\/div>\n\t\t<\/div>\n\t\t\t\t\t<\/div>\n\t\t<\/section>\n\t\t\t\t<\/div>\n\t\t","protected":false},"excerpt":{"rendered":"<p>EL SUSCRITO REPRESENTANTE LEGAL DE GRUPO COMERCIAL TOLIMENSE SAS CON NIT 900276989-8 INFORMA&nbsp; En concordancia con el Acuerdo de Reorganizaci\u00f3n Empresarial dentro de los lineamientos y con las formalidades de la ley 1116 de 2006, me permito informar que, dando cumplimiento a la cl\u00e1usula octava de la f\u00f3rmula de pago, se efectuara el inicio de [&hellip;]<\/p>\n","protected":false},"author":1,"featured_media":0,"parent":0,"menu_order":0,"comment_status":"closed","ping_status":"closed","template":"","meta":{"site-sidebar-layout":"no-sidebar","site-content-layout":"page-builder","ast-site-content-layout":"","site-content-style":"default","site-sidebar-style":"default","ast-global-header-display":"","ast-banner-title-visibility":"","ast-main-header-display":"","ast-hfb-above-header-display":"","ast-hfb-below-header-display":"","ast-hfb-mobile-header-display":"","site-post-title":"disabled","ast-breadcrumbs-content":"","ast-featured-img":"disabled","footer-sml-layout":"","theme-transparent-header-meta":"","adv-header-id-meta":"","stick-header-meta":"","header-above-stick-meta":"","header-main-stick-meta":"","header-below-stick-meta":"","astra-migrate-meta-layouts":"default","ast-page-background-enabled":"default","ast-page-background-meta":{"desktop":{"background-color":"","background-image":"","background-repeat":"repeat","background-position":"center center","background-size":"auto","background-attachment":"scroll","background-type":"","background-media":"","overlay-type":"","overlay-color":"","overlay-opacity":"","overlay-gradient":""},"tablet":{"background-color":"","background-image":"","background-repeat":"repeat","background-position":"center center","background-size":"auto","background-attachment":"scroll","background-type":"","background-media":"","overlay-type":"","overlay-color":"","overlay-opacity":"","overlay-gradient":""},"mobile":{"background-color":"","background-image":"","background-repeat":"repeat","background-position":"center center","background-size":"auto","background-attachment":"scroll","background-type":"","background-media":"","overlay-type":"","overlay-color":"","overlay-opacity":"","overlay-gradient":""}},"ast-content-background-meta":{"desktop":{"background-color":"var(--ast-global-color-5)","background-image":"","background-repeat":"repeat","background-position":"center center","background-size":"auto","background-attachment":"scroll","background-type":"","background-media":"","overlay-type":"","overlay-color":"","overlay-opacity":"","overlay-gradient":""},"tablet":{"background-color":"var(--ast-global-color-5)","background-image":"","background-repeat":"repeat","background-position":"center center","background-size":"auto","background-attachment":"scroll","background-type":"","background-media":"","overlay-type":"","overlay-color":"","overlay-opacity":"","overlay-gradient":""},"mobile":{"background-color":"var(--ast-global-color-5)","background-image":"","background-repeat":"repeat","background-position":"center center","background-size":"auto","background-attachment":"scroll","background-type":"","background-media":"","overlay-type":"","overlay-color":"","overlay-opacity":"","overlay-gradient":""}},"footnotes":""},"class_list":["post-296","page","type-page","status-publish","hentry"],"jetpack_sharing_enabled":true,"jetpack_shortlink":"https:\/\/wp.me\/Pcjl0R-4M","_links":{"self":[{"href":"https:\/\/demipueblo.co\/index.php\/wp-json\/wp\/v2\/pages\/296","targetHints":{"allow":["GET"]}}],"collection":[{"href":"https:\/\/demipueblo.co\/index.php\/wp-json\/wp\/v2\/pages"}],"about":[{"href":"https:\/\/demipueblo.co\/index.php\/wp-json\/wp\/v2\/types\/page"}],"author":[{"embeddable":true,"href":"https:\/\/demipueblo.co\/index.php\/wp-json\/wp\/v2\/users\/1"}],"replies":[{"embeddable":true,"href":"https:\/\/demipueblo.co\/index.php\/wp-json\/wp\/v2\/comments?post=296"}],"version-history":[{"count":14,"href":"https:\/\/demipueblo.co\/index.php\/wp-json\/wp\/v2\/pages\/296\/revisions"}],"predecessor-version":[{"id":320,"href":"https:\/\/demipueblo.co\/index.php\/wp-json\/wp\/v2\/pages\/296\/revisions\/320"}],"wp:attachment":[{"href":"https:\/\/demipueblo.co\/index.php\/wp-json\/wp\/v2\/media?parent=296"}],"curies":[{"name":"wp","href":"https:\/\/api.w.org\/{rel}","templated":true}]}}