{"id":182,"date":"2020-08-28T00:27:09","date_gmt":"2020-08-28T00:27:09","guid":{"rendered":"https:\/\/demipueblo.co\/?page_id=182"},"modified":"2024-10-02T00:50:25","modified_gmt":"2024-10-02T00:50:25","slug":"nosotros","status":"publish","type":"page","link":"https:\/\/demipueblo.co\/index.php\/nosotros\/","title":{"rendered":"Nosotros"},"content":{"rendered":"\t\t<div data-elementor-type=\"wp-page\" data-elementor-id=\"182\" class=\"elementor elementor-182\">\n\t\t\t\t\t\t<section class=\"elementor-section elementor-top-section elementor-element elementor-element-17dcf9d3 elementor-section-content-bottom elementor-section-boxed elementor-section-height-default elementor-section-height-default\" data-id=\"17dcf9d3\" data-element_type=\"section\" data-settings=\"{&quot;background_background&quot;:&quot;slideshow&quot;,&quot;background_slideshow_gallery&quot;:[{&quot;id&quot;:185,&quot;url&quot;:&quot;https:\\\/\\\/demipueblo.co\\\/wp-content\\\/uploads\\\/2020\\\/08\\\/fresh-eggs-in-basket-cart_t20_BlBAv8.jpg&quot;}],&quot;background_slideshow_loop&quot;:&quot;yes&quot;,&quot;background_slideshow_slide_duration&quot;:5000,&quot;background_slideshow_slide_transition&quot;:&quot;fade&quot;,&quot;background_slideshow_transition_duration&quot;:500}\">\n\t\t\t\t\t\t\t<div class=\"elementor-background-overlay\"><\/div>\n\t\t\t\t\t\t\t<div class=\"elementor-container elementor-column-gap-no\">\n\t\t\t\t\t<div class=\"elementor-column elementor-col-100 elementor-top-column elementor-element elementor-element-65da1e56\" data-id=\"65da1e56\" data-element_type=\"column\">\n\t\t\t<div class=\"elementor-widget-wrap elementor-element-populated\">\n\t\t\t\t\t\t<section class=\"elementor-section elementor-inner-section elementor-element elementor-element-2e90f29e elementor-section-boxed elementor-section-height-default elementor-section-height-default\" data-id=\"2e90f29e\" data-element_type=\"section\">\n\t\t\t\t\t\t<div class=\"elementor-container elementor-column-gap-default\">\n\t\t\t\t\t<div class=\"elementor-column elementor-col-100 elementor-inner-column elementor-element elementor-element-4641f0e1\" data-id=\"4641f0e1\" data-element_type=\"column\">\n\t\t\t<div class=\"elementor-widget-wrap elementor-element-populated\">\n\t\t\t\t\t\t<div class=\"elementor-element elementor-element-3a4595e9 elementor-widget elementor-widget-heading\" data-id=\"3a4595e9\" data-element_type=\"widget\" data-widget_type=\"heading.default\">\n\t\t\t\t<div class=\"elementor-widget-container\">\n\t\t\t<h2 class=\"elementor-heading-title elementor-size-default\">Nosotros<\/h2>\t\t<\/div>\n\t\t\t\t<\/div>\n\t\t\t\t<div class=\"elementor-element elementor-element-30f69f2 elementor-widget elementor-widget-text-editor\" data-id=\"30f69f2\" data-element_type=\"widget\" data-widget_type=\"text-editor.default\">\n\t\t\t\t<div class=\"elementor-widget-container\">\n\t\t\t\t\t\t\t<p>En GCT en todo lo que hacemos, creemos que la nutrici\u00f3n es<\/p><p>el n\u00facleo desde el cual se desarrollan personas con actitud<\/p><p>que est\u00e1n dispuestas a ayudar al mundo.<\/p>\t\t\t\t\t\t<\/div>\n\t\t\t\t<\/div>\n\t\t\t\t\t<\/div>\n\t\t<\/div>\n\t\t\t\t\t<\/div>\n\t\t<\/section>\n\t\t\t\t<div class=\"elementor-element elementor-element-dd98838 elementor-widget-divider--view-line elementor-widget elementor-widget-divider\" data-id=\"dd98838\" data-element_type=\"widget\" data-widget_type=\"divider.default\">\n\t\t\t\t<div class=\"elementor-widget-container\">\n\t\t\t\t\t<div class=\"elementor-divider\">\n\t\t\t<span class=\"elementor-divider-separator\">\n\t\t\t\t\t\t<\/span>\n\t\t<\/div>\n\t\t\t\t<\/div>\n\t\t\t\t<\/div>\n\t\t\t\t\t<\/div>\n\t\t<\/div>\n\t\t\t\t\t<\/div>\n\t\t<\/section>\n\t\t\t\t<section class=\"elementor-section elementor-top-section elementor-element elementor-element-2b759397 elementor-section-boxed elementor-section-height-default elementor-section-height-default\" data-id=\"2b759397\" data-element_type=\"section\" data-settings=\"{&quot;background_background&quot;:&quot;classic&quot;}\">\n\t\t\t\t\t\t<div class=\"elementor-container elementor-column-gap-default\">\n\t\t\t\t\t<div class=\"elementor-column elementor-col-50 elementor-top-column elementor-element elementor-element-34feace4\" data-id=\"34feace4\" data-element_type=\"column\" data-settings=\"{&quot;background_background&quot;:&quot;classic&quot;}\">\n\t\t\t<div class=\"elementor-widget-wrap elementor-element-populated\">\n\t\t\t\t\t<div class=\"elementor-background-overlay\"><\/div>\n\t\t\t\t\t\t<div class=\"elementor-element elementor-element-50d28078 elementor-widget elementor-widget-heading\" data-id=\"50d28078\" data-element_type=\"widget\" data-widget_type=\"heading.default\">\n\t\t\t\t<div class=\"elementor-widget-container\">\n\t\t\t<h2 class=\"elementor-heading-title elementor-size-default\">Produciendo y comercializando productos av\u00edcolas desde el 2009<\/h2>\t\t<\/div>\n\t\t\t\t<\/div>\n\t\t\t\t\t<\/div>\n\t\t<\/div>\n\t\t\t\t<div class=\"elementor-column elementor-col-50 elementor-top-column elementor-element elementor-element-37dcb12d\" data-id=\"37dcb12d\" data-element_type=\"column\">\n\t\t\t<div class=\"elementor-widget-wrap elementor-element-populated\">\n\t\t\t\t\t\t<section class=\"elementor-section elementor-inner-section elementor-element elementor-element-59a84cf8 elementor-section-boxed elementor-section-height-default elementor-section-height-default\" data-id=\"59a84cf8\" data-element_type=\"section\">\n\t\t\t\t\t\t<div class=\"elementor-container elementor-column-gap-default\">\n\t\t\t\t\t<div class=\"elementor-column elementor-col-50 elementor-inner-column elementor-element elementor-element-69c51e97\" data-id=\"69c51e97\" data-element_type=\"column\">\n\t\t\t<div class=\"elementor-widget-wrap elementor-element-populated\">\n\t\t\t\t\t\t<div class=\"elementor-element elementor-element-16dbd3dc elementor-widget elementor-widget-text-editor\" data-id=\"16dbd3dc\" data-element_type=\"widget\" data-widget_type=\"text-editor.default\">\n\t\t\t\t<div class=\"elementor-widget-container\">\n\t\t\t\t\t\t\t<p>El Grupo Comercial Tolimense en una Compa\u00f1\u00eda fundada en el a\u00f1o 2.009 y nace como resultado de la comercializaci\u00f3n de productos av\u00edcolas y el requerimiento de soluciones alimenticias.<\/p>\t\t\t\t\t\t<\/div>\n\t\t\t\t<\/div>\n\t\t\t\t\t<\/div>\n\t\t<\/div>\n\t\t\t\t<div class=\"elementor-column elementor-col-50 elementor-inner-column elementor-element elementor-element-7c53be5f\" data-id=\"7c53be5f\" data-element_type=\"column\">\n\t\t\t<div class=\"elementor-widget-wrap elementor-element-populated\">\n\t\t\t\t\t\t<div class=\"elementor-element elementor-element-27ce13e6 elementor-widget elementor-widget-text-editor\" data-id=\"27ce13e6\" data-element_type=\"widget\" data-widget_type=\"text-editor.default\">\n\t\t\t\t<div class=\"elementor-widget-container\">\n\t\t\t\t\t\t\t<p>Lo hacemos enfoc\u00e1ndonos en el momento de uni\u00f3n al compartir la comida, por eso producimos y comercializamos productos alimenticios para todo Colombia.<\/p>\t\t\t\t\t\t<\/div>\n\t\t\t\t<\/div>\n\t\t\t\t\t<\/div>\n\t\t<\/div>\n\t\t\t\t\t<\/div>\n\t\t<\/section>\n\t\t\t\t<section class=\"elementor-section elementor-inner-section elementor-element elementor-element-4d95b0fe elementor-section-boxed elementor-section-height-default elementor-section-height-default\" data-id=\"4d95b0fe\" data-element_type=\"section\">\n\t\t\t\t\t\t<div class=\"elementor-container elementor-column-gap-default\">\n\t\t\t\t\t<div class=\"elementor-column elementor-col-50 elementor-inner-column elementor-element elementor-element-3fe67ac\" data-id=\"3fe67ac\" data-element_type=\"column\">\n\t\t\t<div class=\"elementor-widget-wrap elementor-element-populated\">\n\t\t\t\t\t\t<div class=\"elementor-element elementor-element-6a5d4cff elementor-widget elementor-widget-text-editor\" data-id=\"6a5d4cff\" data-element_type=\"widget\" data-widget_type=\"text-editor.default\">\n\t\t\t\t<div class=\"elementor-widget-container\">\n\t\t\t\t\t\t\t<p>Basados en la experiencia de su fundador GCT ha venido incursionando en el mercado con diferentes categor\u00edas de alimentos alcanzando un excelente posicionamiento en los hogares Colombianos.<\/p><p><strong>\u00a0<\/strong><\/p>\t\t\t\t\t\t<\/div>\n\t\t\t\t<\/div>\n\t\t\t\t\t<\/div>\n\t\t<\/div>\n\t\t\t\t<div class=\"elementor-column elementor-col-50 elementor-inner-column elementor-element elementor-element-7ab194a5\" data-id=\"7ab194a5\" data-element_type=\"column\">\n\t\t\t<div class=\"elementor-widget-wrap elementor-element-populated\">\n\t\t\t\t\t\t\t<\/div>\n\t\t<\/div>\n\t\t\t\t\t<\/div>\n\t\t<\/section>\n\t\t\t\t\t<\/div>\n\t\t<\/div>\n\t\t\t\t\t<\/div>\n\t\t<\/section>\n\t\t\t\t<section class=\"elementor-section elementor-top-section elementor-element elementor-element-52080aab elementor-section-boxed elementor-section-height-default elementor-section-height-default\" data-id=\"52080aab\" data-element_type=\"section\" data-settings=\"{&quot;background_background&quot;:&quot;gradient&quot;}\">\n\t\t\t\t\t\t<div class=\"elementor-container elementor-column-gap-wide\">\n\t\t\t\t\t<div class=\"elementor-column elementor-col-100 elementor-top-column elementor-element elementor-element-a97eba1\" data-id=\"a97eba1\" data-element_type=\"column\">\n\t\t\t<div class=\"elementor-widget-wrap elementor-element-populated\">\n\t\t\t\t\t\t<div class=\"elementor-element elementor-element-aa499b2 elementor-widget elementor-widget-image\" data-id=\"aa499b2\" data-element_type=\"widget\" data-widget_type=\"image.default\">\n\t\t\t\t<div class=\"elementor-widget-container\">\n\t\t\t\t\t\t\t\t\t\t\t\t\t<img fetchpriority=\"high\" decoding=\"async\" width=\"768\" height=\"587\" src=\"https:\/\/i0.wp.com\/demipueblo.co\/wp-content\/uploads\/2020\/08\/produccion.png?fit=768%2C587&amp;ssl=1\" class=\"attachment-medium_large size-medium_large wp-image-186\" alt=\"\" srcset=\"https:\/\/i0.wp.com\/demipueblo.co\/wp-content\/uploads\/2020\/08\/produccion.png?w=850&amp;ssl=1 850w, https:\/\/i0.wp.com\/demipueblo.co\/wp-content\/uploads\/2020\/08\/produccion.png?resize=300%2C229&amp;ssl=1 300w, https:\/\/i0.wp.com\/demipueblo.co\/wp-content\/uploads\/2020\/08\/produccion.png?resize=768%2C587&amp;ssl=1 768w\" sizes=\"(max-width: 768px) 100vw, 768px\" \/>\t\t\t\t\t\t\t\t\t\t\t\t\t<\/div>\n\t\t\t\t<\/div>\n\t\t\t\t\t<\/div>\n\t\t<\/div>\n\t\t\t\t\t<\/div>\n\t\t<\/section>\n\t\t\t\t<section class=\"elementor-section elementor-top-section elementor-element elementor-element-49150c3d elementor-section-height-min-height elementor-section-content-middle elementor-reverse-tablet elementor-reverse-mobile elementor-section-boxed elementor-section-height-default elementor-section-items-middle\" data-id=\"49150c3d\" data-element_type=\"section\" data-settings=\"{&quot;background_background&quot;:&quot;classic&quot;}\">\n\t\t\t\t\t\t<div class=\"elementor-container elementor-column-gap-extended\">\n\t\t\t\t\t<div class=\"elementor-column elementor-col-50 elementor-top-column elementor-element elementor-element-4e2efb55\" data-id=\"4e2efb55\" data-element_type=\"column\">\n\t\t\t<div class=\"elementor-widget-wrap elementor-element-populated\">\n\t\t\t\t\t\t<div class=\"elementor-element elementor-element-5df7b9ab elementor-widget elementor-widget-image\" data-id=\"5df7b9ab\" data-element_type=\"widget\" data-widget_type=\"image.default\">\n\t\t\t\t<div class=\"elementor-widget-container\">\n\t\t\t\t\t\t\t\t\t\t\t\t\t<img decoding=\"async\" width=\"1000\" height=\"1000\" src=\"https:\/\/i0.wp.com\/demipueblo.co\/wp-content\/uploads\/2020\/08\/16.jpg?fit=1000%2C1000&amp;ssl=1\" class=\"attachment-large size-large wp-image-188\" alt=\"\" srcset=\"https:\/\/i0.wp.com\/demipueblo.co\/wp-content\/uploads\/2020\/08\/16.jpg?w=1000&amp;ssl=1 1000w, https:\/\/i0.wp.com\/demipueblo.co\/wp-content\/uploads\/2020\/08\/16.jpg?resize=300%2C300&amp;ssl=1 300w, https:\/\/i0.wp.com\/demipueblo.co\/wp-content\/uploads\/2020\/08\/16.jpg?resize=150%2C150&amp;ssl=1 150w, https:\/\/i0.wp.com\/demipueblo.co\/wp-content\/uploads\/2020\/08\/16.jpg?resize=768%2C768&amp;ssl=1 768w\" sizes=\"(max-width: 1000px) 100vw, 1000px\" \/>\t\t\t\t\t\t\t\t\t\t\t\t\t<\/div>\n\t\t\t\t<\/div>\n\t\t\t\t\t<\/div>\n\t\t<\/div>\n\t\t\t\t<div class=\"elementor-column elementor-col-50 elementor-top-column elementor-element elementor-element-4c040fa8\" data-id=\"4c040fa8\" data-element_type=\"column\">\n\t\t\t<div class=\"elementor-widget-wrap elementor-element-populated\">\n\t\t\t\t\t\t<div class=\"elementor-element elementor-element-1e0b853a elementor-widget elementor-widget-heading\" data-id=\"1e0b853a\" data-element_type=\"widget\" data-widget_type=\"heading.default\">\n\t\t\t\t<div class=\"elementor-widget-container\">\n\t\t\t<h2 class=\"elementor-heading-title elementor-size-default\">Huevos saludables.<br>De libre pastoreo.<\/h2>\t\t<\/div>\n\t\t\t\t<\/div>\n\t\t\t\t<div class=\"elementor-element elementor-element-7b441a56 elementor-widget elementor-widget-heading\" data-id=\"7b441a56\" data-element_type=\"widget\" data-widget_type=\"heading.default\">\n\t\t\t\t<div class=\"elementor-widget-container\">\n\t\t\t<h2 class=\"elementor-heading-title elementor-size-default\">De la granja a su mesa<\/h2>\t\t<\/div>\n\t\t\t\t<\/div>\n\t\t\t\t\t<\/div>\n\t\t<\/div>\n\t\t\t\t\t<\/div>\n\t\t<\/section>\n\t\t\t\t<section class=\"elementor-section elementor-top-section elementor-element elementor-element-8554c49 elementor-section-boxed elementor-section-height-default elementor-section-height-default\" data-id=\"8554c49\" data-element_type=\"section\">\n\t\t\t\t\t\t<div class=\"elementor-container elementor-column-gap-default\">\n\t\t\t\t\t<div class=\"elementor-column elementor-col-100 elementor-top-column elementor-element elementor-element-6b8c6f1\" data-id=\"6b8c6f1\" data-element_type=\"column\">\n\t\t\t<div class=\"elementor-widget-wrap elementor-element-populated\">\n\t\t\t\t\t\t<div class=\"elementor-element elementor-element-ef19c40 elementor-widget elementor-widget-heading\" data-id=\"ef19c40\" data-element_type=\"widget\" data-widget_type=\"heading.default\">\n\t\t\t\t<div class=\"elementor-widget-container\">\n\t\t\t<h2 class=\"elementor-heading-title elementor-size-default\">encu\u00e9ntranos en:<\/h2>\t\t<\/div>\n\t\t\t\t<\/div>\n\t\t\t\t<section class=\"elementor-section elementor-inner-section elementor-element elementor-element-2d85875 elementor-section-content-middle elementor-section-boxed elementor-section-height-default elementor-section-height-default\" data-id=\"2d85875\" data-element_type=\"section\" data-settings=\"{&quot;background_background&quot;:&quot;classic&quot;}\">\n\t\t\t\t\t\t<div class=\"elementor-container elementor-column-gap-default\">\n\t\t\t\t\t<div class=\"elementor-column elementor-col-16 elementor-inner-column elementor-element elementor-element-41f0210\" data-id=\"41f0210\" data-element_type=\"column\">\n\t\t\t<div class=\"elementor-widget-wrap elementor-element-populated\">\n\t\t\t\t\t\t<div class=\"elementor-element elementor-element-18d166e elementor-widget elementor-widget-image\" data-id=\"18d166e\" data-element_type=\"widget\" data-widget_type=\"image.default\">\n\t\t\t\t<div class=\"elementor-widget-container\">\n\t\t\t\t\t\t\t\t\t\t\t\t\t<img decoding=\"async\" width=\"280\" height=\"194\" src=\"https:\/\/i0.wp.com\/demipueblo.co\/wp-content\/uploads\/2020\/08\/exito.png?fit=280%2C194&amp;ssl=1\" class=\"attachment-large size-large wp-image-125\" alt=\"\" \/>\t\t\t\t\t\t\t\t\t\t\t\t\t<\/div>\n\t\t\t\t<\/div>\n\t\t\t\t\t<\/div>\n\t\t<\/div>\n\t\t\t\t<div class=\"elementor-column elementor-col-16 elementor-inner-column elementor-element elementor-element-6bbbec6\" data-id=\"6bbbec6\" data-element_type=\"column\">\n\t\t\t<div class=\"elementor-widget-wrap elementor-element-populated\">\n\t\t\t\t\t\t<div class=\"elementor-element elementor-element-983d37d elementor-widget elementor-widget-image\" data-id=\"983d37d\" data-element_type=\"widget\" data-widget_type=\"image.default\">\n\t\t\t\t<div class=\"elementor-widget-container\">\n\t\t\t\t\t\t\t\t\t\t\t\t\t<img loading=\"lazy\" decoding=\"async\" width=\"1024\" height=\"155\" src=\"https:\/\/i0.wp.com\/demipueblo.co\/wp-content\/uploads\/2020\/08\/Olimpica.png?fit=1024%2C155&amp;ssl=1\" class=\"attachment-large size-large wp-image-123\" alt=\"\" srcset=\"https:\/\/i0.wp.com\/demipueblo.co\/wp-content\/uploads\/2020\/08\/Olimpica.png?w=1400&amp;ssl=1 1400w, https:\/\/i0.wp.com\/demipueblo.co\/wp-content\/uploads\/2020\/08\/Olimpica.png?resize=300%2C45&amp;ssl=1 300w, https:\/\/i0.wp.com\/demipueblo.co\/wp-content\/uploads\/2020\/08\/Olimpica.png?resize=1024%2C155&amp;ssl=1 1024w, https:\/\/i0.wp.com\/demipueblo.co\/wp-content\/uploads\/2020\/08\/Olimpica.png?resize=768%2C116&amp;ssl=1 768w, https:\/\/i0.wp.com\/demipueblo.co\/wp-content\/uploads\/2020\/08\/Olimpica.png?resize=600%2C91&amp;ssl=1 600w\" sizes=\"(max-width: 1000px) 100vw, 1000px\" \/>\t\t\t\t\t\t\t\t\t\t\t\t\t<\/div>\n\t\t\t\t<\/div>\n\t\t\t\t\t<\/div>\n\t\t<\/div>\n\t\t\t\t<div class=\"elementor-column elementor-col-16 elementor-inner-column elementor-element elementor-element-0b5a2b2\" data-id=\"0b5a2b2\" data-element_type=\"column\">\n\t\t\t<div class=\"elementor-widget-wrap elementor-element-populated\">\n\t\t\t\t\t\t<div class=\"elementor-element elementor-element-2b066e5 elementor-widget elementor-widget-image\" data-id=\"2b066e5\" data-element_type=\"widget\" data-widget_type=\"image.default\">\n\t\t\t\t<div class=\"elementor-widget-container\">\n\t\t\t\t\t\t\t\t\t\t\t\t\t<img loading=\"lazy\" decoding=\"async\" width=\"195\" height=\"148\" src=\"https:\/\/i0.wp.com\/demipueblo.co\/wp-content\/uploads\/2024\/10\/tiendas-ARA.png?fit=195%2C148&amp;ssl=1\" class=\"attachment-large size-large wp-image-401\" alt=\"\" \/>\t\t\t\t\t\t\t\t\t\t\t\t\t<\/div>\n\t\t\t\t<\/div>\n\t\t\t\t\t<\/div>\n\t\t<\/div>\n\t\t\t\t<div class=\"elementor-column elementor-col-16 elementor-inner-column elementor-element elementor-element-f9cd4fb\" data-id=\"f9cd4fb\" data-element_type=\"column\">\n\t\t\t<div class=\"elementor-widget-wrap elementor-element-populated\">\n\t\t\t\t\t\t<div class=\"elementor-element elementor-element-a82210f elementor-widget elementor-widget-image\" data-id=\"a82210f\" data-element_type=\"widget\" data-widget_type=\"image.default\">\n\t\t\t\t<div class=\"elementor-widget-container\">\n\t\t\t\t\t\t\t\t\t\t\t\t\t<img loading=\"lazy\" decoding=\"async\" width=\"1024\" height=\"576\" src=\"https:\/\/i0.wp.com\/demipueblo.co\/wp-content\/uploads\/2020\/08\/SAO-olimpica-logo-1200x675-1.jpg?fit=1024%2C576&amp;ssl=1\" class=\"attachment-large size-large wp-image-127\" alt=\"\" srcset=\"https:\/\/i0.wp.com\/demipueblo.co\/wp-content\/uploads\/2020\/08\/SAO-olimpica-logo-1200x675-1.jpg?w=1200&amp;ssl=1 1200w, https:\/\/i0.wp.com\/demipueblo.co\/wp-content\/uploads\/2020\/08\/SAO-olimpica-logo-1200x675-1.jpg?resize=300%2C169&amp;ssl=1 300w, https:\/\/i0.wp.com\/demipueblo.co\/wp-content\/uploads\/2020\/08\/SAO-olimpica-logo-1200x675-1.jpg?resize=1024%2C576&amp;ssl=1 1024w, https:\/\/i0.wp.com\/demipueblo.co\/wp-content\/uploads\/2020\/08\/SAO-olimpica-logo-1200x675-1.jpg?resize=768%2C432&amp;ssl=1 768w, https:\/\/i0.wp.com\/demipueblo.co\/wp-content\/uploads\/2020\/08\/SAO-olimpica-logo-1200x675-1.jpg?resize=600%2C338&amp;ssl=1 600w\" sizes=\"(max-width: 1000px) 100vw, 1000px\" \/>\t\t\t\t\t\t\t\t\t\t\t\t\t<\/div>\n\t\t\t\t<\/div>\n\t\t\t\t\t<\/div>\n\t\t<\/div>\n\t\t\t\t<div class=\"elementor-column elementor-col-16 elementor-inner-column elementor-element elementor-element-afb4d1f\" data-id=\"afb4d1f\" data-element_type=\"column\">\n\t\t\t<div class=\"elementor-widget-wrap elementor-element-populated\">\n\t\t\t\t\t\t<div class=\"elementor-element elementor-element-404f1c8 elementor-widget elementor-widget-image\" data-id=\"404f1c8\" data-element_type=\"widget\" data-widget_type=\"image.default\">\n\t\t\t\t<div class=\"elementor-widget-container\">\n\t\t\t\t\t\t\t\t\t\t\t\t\t<img loading=\"lazy\" decoding=\"async\" width=\"256\" height=\"163\" src=\"https:\/\/i0.wp.com\/demipueblo.co\/wp-content\/uploads\/2020\/08\/express_exito-1595345409.png?fit=256%2C163&amp;ssl=1\" class=\"attachment-large size-large wp-image-126\" alt=\"\" \/>\t\t\t\t\t\t\t\t\t\t\t\t\t<\/div>\n\t\t\t\t<\/div>\n\t\t\t\t\t<\/div>\n\t\t<\/div>\n\t\t\t\t<div class=\"elementor-column elementor-col-16 elementor-inner-column elementor-element elementor-element-b1fdc6b\" data-id=\"b1fdc6b\" data-element_type=\"column\">\n\t\t\t<div class=\"elementor-widget-wrap elementor-element-populated\">\n\t\t\t\t\t\t<div class=\"elementor-element elementor-element-095e49f elementor-widget elementor-widget-image\" data-id=\"095e49f\" data-element_type=\"widget\" data-widget_type=\"image.default\">\n\t\t\t\t<div class=\"elementor-widget-container\">\n\t\t\t\t\t\t\t\t\t\t\t\t\t<img loading=\"lazy\" decoding=\"async\" width=\"148\" height=\"148\" src=\"https:\/\/i0.wp.com\/demipueblo.co\/wp-content\/uploads\/2024\/10\/Tiendas-d1.png?fit=148%2C148&amp;ssl=1\" class=\"attachment-large size-large wp-image-402\" alt=\"\" srcset=\"https:\/\/i0.wp.com\/demipueblo.co\/wp-content\/uploads\/2024\/10\/Tiendas-d1.png?w=148&amp;ssl=1 148w, https:\/\/i0.wp.com\/demipueblo.co\/wp-content\/uploads\/2024\/10\/Tiendas-d1.png?resize=100%2C100&amp;ssl=1 100w\" sizes=\"(max-width: 148px) 100vw, 148px\" \/>\t\t\t\t\t\t\t\t\t\t\t\t\t<\/div>\n\t\t\t\t<\/div>\n\t\t\t\t\t<\/div>\n\t\t<\/div>\n\t\t\t\t\t<\/div>\n\t\t<\/section>\n\t\t\t\t\t<\/div>\n\t\t<\/div>\n\t\t\t\t\t<\/div>\n\t\t<\/section>\n\t\t\t\t<\/div>\n\t\t","protected":false},"excerpt":{"rendered":"<p>Nosotros En GCT en todo lo que hacemos, creemos que la nutrici\u00f3n es el n\u00facleo desde el cual se desarrollan personas con actitud que est\u00e1n dispuestas a ayudar al mundo. Produciendo y comercializando productos av\u00edcolas desde el 2009 El Grupo Comercial Tolimense en una Compa\u00f1\u00eda fundada en el a\u00f1o 2.009 y nace como resultado de [&hellip;]<\/p>\n","protected":false},"author":1,"featured_media":0,"parent":0,"menu_order":0,"comment_status":"closed","ping_status":"closed","template":"elementor_header_footer","meta":{"site-sidebar-layout":"no-sidebar","site-content-layout":"page-builder","ast-site-content-layout":"","site-content-style":"default","site-sidebar-style":"default","ast-global-header-display":"","ast-banner-title-visibility":"","ast-main-header-display":"","ast-hfb-above-header-display":"","ast-hfb-below-header-display":"","ast-hfb-mobile-header-display":"","site-post-title":"disabled","ast-breadcrumbs-content":"","ast-featured-img":"disabled","footer-sml-layout":"","theme-transparent-header-meta":"default","adv-header-id-meta":"","stick-header-meta":"","header-above-stick-meta":"","header-main-stick-meta":"","header-below-stick-meta":"","astra-migrate-meta-layouts":"default","ast-page-background-enabled":"default","ast-page-background-meta":{"desktop":{"background-color":"","background-image":"","background-repeat":"repeat","background-position":"center center","background-size":"auto","background-attachment":"scroll","background-type":"","background-media":"","overlay-type":"","overlay-color":"","overlay-opacity":"","overlay-gradient":""},"tablet":{"background-color":"","background-image":"","background-repeat":"repeat","background-position":"center center","background-size":"auto","background-attachment":"scroll","background-type":"","background-media":"","overlay-type":"","overlay-color":"","overlay-opacity":"","overlay-gradient":""},"mobile":{"background-color":"","background-image":"","background-repeat":"repeat","background-position":"center center","background-size":"auto","background-attachment":"scroll","background-type":"","background-media":"","overlay-type":"","overlay-color":"","overlay-opacity":"","overlay-gradient":""}},"ast-content-background-meta":{"desktop":{"background-color":"var(--ast-global-color-5)","background-image":"","background-repeat":"repeat","background-position":"center center","background-size":"auto","background-attachment":"scroll","background-type":"","background-media":"","overlay-type":"","overlay-color":"","overlay-opacity":"","overlay-gradient":""},"tablet":{"background-color":"var(--ast-global-color-5)","background-image":"","background-repeat":"repeat","background-position":"center center","background-size":"auto","background-attachment":"scroll","background-type":"","background-media":"","overlay-type":"","overlay-color":"","overlay-opacity":"","overlay-gradient":""},"mobile":{"background-color":"var(--ast-global-color-5)","background-image":"","background-repeat":"repeat","background-position":"center center","background-size":"auto","background-attachment":"scroll","background-type":"","background-media":"","overlay-type":"","overlay-color":"","overlay-opacity":"","overlay-gradient":""}},"footnotes":""},"class_list":["post-182","page","type-page","status-publish","hentry"],"jetpack_sharing_enabled":true,"jetpack_shortlink":"https:\/\/wp.me\/Pcjl0R-2W","_links":{"self":[{"href":"https:\/\/demipueblo.co\/index.php\/wp-json\/wp\/v2\/pages\/182","targetHints":{"allow":["GET"]}}],"collection":[{"href":"https:\/\/demipueblo.co\/index.php\/wp-json\/wp\/v2\/pages"}],"about":[{"href":"https:\/\/demipueblo.co\/index.php\/wp-json\/wp\/v2\/types\/page"}],"author":[{"embeddable":true,"href":"https:\/\/demipueblo.co\/index.php\/wp-json\/wp\/v2\/users\/1"}],"replies":[{"embeddable":true,"href":"https:\/\/demipueblo.co\/index.php\/wp-json\/wp\/v2\/comments?post=182"}],"version-history":[{"count":6,"href":"https:\/\/demipueblo.co\/index.php\/wp-json\/wp\/v2\/pages\/182\/revisions"}],"predecessor-version":[{"id":415,"href":"https:\/\/demipueblo.co\/index.php\/wp-json\/wp\/v2\/pages\/182\/revisions\/415"}],"wp:attachment":[{"href":"https:\/\/demipueblo.co\/index.php\/wp-json\/wp\/v2\/media?parent=182"}],"curies":[{"name":"wp","href":"https:\/\/api.w.org\/{rel}","templated":true}]}}